{"id":187,"date":"2020-04-26T08:13:28","date_gmt":"2020-04-26T08:13:28","guid":{"rendered":"http:\/\/hudklinikkenranders.dk\/?page_id=187"},"modified":"2022-03-06T18:14:57","modified_gmt":"2022-03-06T18:14:57","slug":"covid-19-haandvask-og-haandeksem","status":"publish","type":"page","link":"https:\/\/hudklinikkenranders.dk\/?page_id=187","title":{"rendered":"H\u00e5ndvask og h\u00e5ndsprit &#8211; pas p\u00e5 h\u00e6nderne"},"content":{"rendered":"<p>\u00d8get antal h\u00e5ndvaske med vand og s\u00e6be \u00f8ger risikoen for udvikling af generende eksem p\u00e5 h\u00e6nderne. Information vedr\u00f8rende behandling med fugtighedscreme og dermed forebyggelse af eksem fremg\u00e5r af videoen i linket nedenfor fra Afdelingen for Allergi- og Hudsygdomme ved Gentofte Hospital.<\/p>\n<p><a href=\"https:\/\/region-hovedstaden-ekstern.23video.com\/hvordan-passer-vi-pa-vores-haender\">https:\/\/region-hovedstaden-ekstern.23video.com\/hvordan-passer-vi-pa-vores-haender<\/a><\/p>\n<p>&nbsp;<\/p>\n","protected":false},"excerpt":{"rendered":"<p>\u00d8get antal h\u00e5ndvaske med vand og s\u00e6be \u00f8ger risikoen for udvikling af generende eksem p\u00e5 h\u00e6nderne. Information vedr\u00f8rende behandling med fugtighedscreme og dermed forebyggelse af eksem fremg\u00e5r af videoen i linket nedenfor fra Afdelingen for Allergi- og Hudsygdomme ved Gentofte Hospital. https:\/\/region-hovedstaden-ekstern.23video.com\/hvordan-passer-vi-pa-vores-haender &nbsp;<\/p>\n","protected":false},"author":1,"featured_media":0,"parent":0,"menu_order":0,"comment_status":"closed","ping_status":"closed","template":"","meta":{"footnotes":""},"class_list":["post-187","page","type-page","status-publish","hentry"],"_links":{"self":[{"href":"https:\/\/hudklinikkenranders.dk\/index.php?rest_route=\/wp\/v2\/pages\/187","targetHints":{"allow":["GET"]}}],"collection":[{"href":"https:\/\/hudklinikkenranders.dk\/index.php?rest_route=\/wp\/v2\/pages"}],"about":[{"href":"https:\/\/hudklinikkenranders.dk\/index.php?rest_route=\/wp\/v2\/types\/page"}],"author":[{"embeddable":true,"href":"https:\/\/hudklinikkenranders.dk\/index.php?rest_route=\/wp\/v2\/users\/1"}],"replies":[{"embeddable":true,"href":"https:\/\/hudklinikkenranders.dk\/index.php?rest_route=%2Fwp%2Fv2%2Fcomments&post=187"}],"version-history":[{"count":5,"href":"https:\/\/hudklinikkenranders.dk\/index.php?rest_route=\/wp\/v2\/pages\/187\/revisions"}],"predecessor-version":[{"id":357,"href":"https:\/\/hudklinikkenranders.dk\/index.php?rest_route=\/wp\/v2\/pages\/187\/revisions\/357"}],"wp:attachment":[{"href":"https:\/\/hudklinikkenranders.dk\/index.php?rest_route=%2Fwp%2Fv2%2Fmedia&parent=187"}],"curies":[{"name":"wp","href":"https:\/\/api.w.org\/{rel}","templated":true}]}}