{"id":2,"date":"2016-05-10T03:48:21","date_gmt":"2016-05-10T03:48:21","guid":{"rendered":"http:\/\/hudklinikkenranders.dk\/?page_id=2"},"modified":"2026-04-22T07:53:11","modified_gmt":"2026-04-22T07:53:11","slug":"sample-page","status":"publish","type":"page","link":"https:\/\/hudklinikkenranders.dk\/?page_id=2","title":{"rendered":"Kontakt Hudklinikken Randers \/ Martin Mikkelsen"},"content":{"rendered":"<p><strong>Hudklinikken Randers<br \/>\n<\/strong>Br\u00f8dregade 20, 1.\u00a0th &#8211; 8900 Randers<br \/>\nTelefon: 8642 4600<\/p>\n<p><strong>Tidsbestilling<br \/>\n<\/strong>Ring til os mandag til\u00a0torsdag \u00a0kl. 9.00 &#8211; 11.00.<\/p>\n<p>Bem\u00e6rk venligst, at denne telefontid udelukkende er reserveret tidsbestilling.<\/p>\n<p>Vi arbejder hver dag meget ih\u00e6rdigt for at im\u00f8dekomme de mange opkald til vores telefon, men antallet af henvendelser har et s\u00e5 stort omfang, at vi ikke kan undg\u00e5 \u00e6rgerlig ventetid. Telefon fungerer med et k\u00f8-system, hvor man vil komme i k\u00f8 til samtale, s\u00e5fremt der er ledig plads i k\u00f8en.<\/p>\n<p>Tid til unders\u00f8gelse- og behandling under den offentlige sygesikring, kan kun gives, s\u00e5fremt der foreligger en gyldig henvisning fra din praktiserende l\u00e6ge.<\/p>\n<p>Af hensyn til b\u00e5de patienter, der er fremm\u00f8dt til en tid i klinikken og patienter, der venter i k\u00f8 p\u00e5 telefonen til tidsbestilling, anmoder vi venligst om ikke at fremm\u00f8de i klinikken med henblik p\u00e5 tidsbestilling.<\/p>\n<p>Information vedr\u00f8rende konsultation som privatbetaler eller som patient d\u00e6kket af sundhedsforsikring kan ske via telefon.<\/p>\n<p><strong>Pr\u00f8vesvar og bestilling af medicin<br \/>\n<\/strong>Ring til os, tryk 1 for sygeplejerske\u00a0mandag til torsdag \u00a0kl. 11.30 &#8211; 12.00.<br \/>\nDer kan ikke bestilles tid i dette tidsrum.<\/p>\n<p><strong>Afbud<br \/>\n<\/strong>Afbestilling af tid p\u00e5 telefonsvarer 8642 4600 kan ske hele d\u00f8gnet. Bem\u00e6rk venligst, at det ikke er muligt at anmode om en ny tid via telefonsvareren.<\/p>\n<p>Du kan ogs\u00e5 melde afbud i\u00a0 telefontiden fra kl. 9.00 &#8211; 11.00 mandag &#8211; torsdag.<\/p>\n<p>Afbud skal ske senest den foreg\u00e5ende hverdag. Ved udeblivelse uden afbud forbeholder Hudklinikken Randers sig ret til at fremsende regning til udeblevne if\u00f8lge g\u00e6ldende regler svarende til 250 kr. for konsultation og 500 kr. for operation.<\/p>\n<p style=\"text-align: left;\"><strong>\u00c5bningstider<br \/>\n<\/strong>Mandag\u00a0 \u00a0 7.50 &#8211; 15.30<br \/>\nTirsdag\u00a0 \u00a0 \u00a07.50 &#8211; 16.15<br \/>\nOnsdag\u00a0 \u00a0 7.50 &#8211; 15.30<br \/>\nTorsdag\u00a0 \u00a07.50 &#8211; 15.30<br \/>\nFredag\u00a0\u00a0\u00a0\u00a0 Lukket<\/p>\n<p><strong>Lukkedage<br \/>\n<\/strong>Klinikken holder lukket alle helligdage &#8211; inklusiv Grundlovsdag.<\/p>\n<p>Sommerferielukket uge 28, 29, 30 og 31.<\/p>\n<p><strong>Handicapvenlige forhold<\/strong><\/p>\n<p>(Elevator forefindes: 65 cm bred og 113 cm dyb (til max. 2 personer).<\/p>\n<p>Per 13.04.26\u00a0 er bygningens vanlige elevator ofte ude af drift. Ejendommens ejer er orienteret. Vi opdaterer med yderligere information.<\/p>\n<p>Der forefindes ikke handicapvenligt toilet.<\/p>\n<p><strong>Ventetid<br \/>\n<\/strong>Vi har i \u00f8jeblikket op til 22 ugers ventetid.<br \/>\nVed mistanke om hud- og moderm\u00e6rkekr\u00e6ft samt visse akutte hudsygdomme er ventetiden kortere. I akutte situationer (herunder mistanke om moderm\u00e6rkekr\u00e6ft) bedes egen l\u00e6ge kontakte klinikken for akuttid.<br \/>\nAndre hudl\u00e6ger og deres ventetider kan findes p\u00e5 www.sundhed.dk.<\/p>\n<p><img loading=\"lazy\" decoding=\"async\" class=\"alignnone size-medium wp-image-337\" src=\"http:\/\/hudklinikkenranders.dk\/wp-content\/uploads\/2022\/02\/IMG_1940-5-2-225x300.jpg\" alt=\"\" width=\"225\" height=\"300\" \/><\/p>\n","protected":false},"excerpt":{"rendered":"<p>Hudklinikken Randers Br\u00f8dregade 20, 1.\u00a0th &#8211; 8900 Randers Telefon: 8642 4600 Tidsbestilling Ring til os mandag til\u00a0torsdag \u00a0kl. 9.00 &#8211; 11.00. Bem\u00e6rk venligst, at denne telefontid udelukkende er reserveret tidsbestilling. Vi arbejder hver dag meget ih\u00e6rdigt for at im\u00f8dekomme de mange opkald til vores telefon, men antallet af henvendelser har et s\u00e5 stort omfang, at &hellip; <\/p>\n<p class=\"link-more\"><a href=\"https:\/\/hudklinikkenranders.dk\/?page_id=2\" class=\"more-link\">L\u00e6s videre<span class=\"screen-reader-text\"> &#8220;Kontakt Hudklinikken Randers \/ Martin Mikkelsen&#8221;<\/span><\/a><\/p>\n","protected":false},"author":1,"featured_media":0,"parent":0,"menu_order":0,"comment_status":"closed","ping_status":"open","template":"","meta":{"footnotes":""},"class_list":["post-2","page","type-page","status-publish","hentry"],"_links":{"self":[{"href":"https:\/\/hudklinikkenranders.dk\/index.php?rest_route=\/wp\/v2\/pages\/2","targetHints":{"allow":["GET"]}}],"collection":[{"href":"https:\/\/hudklinikkenranders.dk\/index.php?rest_route=\/wp\/v2\/pages"}],"about":[{"href":"https:\/\/hudklinikkenranders.dk\/index.php?rest_route=\/wp\/v2\/types\/page"}],"author":[{"embeddable":true,"href":"https:\/\/hudklinikkenranders.dk\/index.php?rest_route=\/wp\/v2\/users\/1"}],"replies":[{"embeddable":true,"href":"https:\/\/hudklinikkenranders.dk\/index.php?rest_route=%2Fwp%2Fv2%2Fcomments&post=2"}],"version-history":[{"count":111,"href":"https:\/\/hudklinikkenranders.dk\/index.php?rest_route=\/wp\/v2\/pages\/2\/revisions"}],"predecessor-version":[{"id":434,"href":"https:\/\/hudklinikkenranders.dk\/index.php?rest_route=\/wp\/v2\/pages\/2\/revisions\/434"}],"wp:attachment":[{"href":"https:\/\/hudklinikkenranders.dk\/index.php?rest_route=%2Fwp%2Fv2%2Fmedia&parent=2"}],"curies":[{"name":"wp","href":"https:\/\/api.w.org\/{rel}","templated":true}]}}