{"id":37,"date":"2018-09-10T20:03:05","date_gmt":"2018-09-10T20:03:05","guid":{"rendered":"http:\/\/hudklinikkenranders.dk\/?page_id=37"},"modified":"2024-07-22T09:36:32","modified_gmt":"2024-07-22T09:36:32","slug":"velkommen-til-hudklinikken-randers","status":"publish","type":"page","link":"https:\/\/hudklinikkenranders.dk\/","title":{"rendered":"Velkommen til Hudklinikken Randers"},"content":{"rendered":"<p>Hudklinikken Randers er en speciall\u00e6gepraksis, der vurderer, udreder og behandler patienter henvist gennem den offentlige sundhedssikring med problemstillinger tilh\u00f8rende specialet hud- og k\u00f8nssygdomme.<\/p>\n<p>De hyppigst forekommende problematikker er b\u00f8rneeksem, h\u00e5ndeksem, psoriasis, solskader, hudkr\u00e6ft samt moderm\u00e6rkekr\u00e6ft. Huden er menneskets st\u00f8rste organ og pr\u00e6senterer foruden de f\u00e5 ovenn\u00e6vnte omr\u00e5der en r\u00e6kke forskellige symptomer og sygdomme.<\/p>\n<p>Har du en g\u00e6ldende henvisning fra din praktiserende l\u00e6ge, er du velkommen til at kontakte os med henblik p\u00e5 at f\u00e5 en tid til vurdering.<\/p>\n","protected":false},"excerpt":{"rendered":"<p>Hudklinikken Randers er en speciall\u00e6gepraksis, der vurderer, udreder og behandler patienter henvist gennem den offentlige sundhedssikring med problemstillinger tilh\u00f8rende specialet hud- og k\u00f8nssygdomme. De hyppigst forekommende problematikker er b\u00f8rneeksem, h\u00e5ndeksem, psoriasis, solskader, hudkr\u00e6ft samt moderm\u00e6rkekr\u00e6ft. Huden er menneskets st\u00f8rste organ og pr\u00e6senterer foruden de f\u00e5 ovenn\u00e6vnte omr\u00e5der en r\u00e6kke forskellige symptomer og sygdomme. Har du &hellip; <\/p>\n<p class=\"link-more\"><a href=\"https:\/\/hudklinikkenranders.dk\/\" class=\"more-link\">L\u00e6s videre<span class=\"screen-reader-text\"> &#8220;Velkommen til Hudklinikken Randers&#8221;<\/span><\/a><\/p>\n","protected":false},"author":1,"featured_media":0,"parent":0,"menu_order":0,"comment_status":"closed","ping_status":"closed","template":"","meta":{"footnotes":""},"class_list":["post-37","page","type-page","status-publish","hentry"],"_links":{"self":[{"href":"https:\/\/hudklinikkenranders.dk\/index.php?rest_route=\/wp\/v2\/pages\/37","targetHints":{"allow":["GET"]}}],"collection":[{"href":"https:\/\/hudklinikkenranders.dk\/index.php?rest_route=\/wp\/v2\/pages"}],"about":[{"href":"https:\/\/hudklinikkenranders.dk\/index.php?rest_route=\/wp\/v2\/types\/page"}],"author":[{"embeddable":true,"href":"https:\/\/hudklinikkenranders.dk\/index.php?rest_route=\/wp\/v2\/users\/1"}],"replies":[{"embeddable":true,"href":"https:\/\/hudklinikkenranders.dk\/index.php?rest_route=%2Fwp%2Fv2%2Fcomments&post=37"}],"version-history":[{"count":33,"href":"https:\/\/hudklinikkenranders.dk\/index.php?rest_route=\/wp\/v2\/pages\/37\/revisions"}],"predecessor-version":[{"id":398,"href":"https:\/\/hudklinikkenranders.dk\/index.php?rest_route=\/wp\/v2\/pages\/37\/revisions\/398"}],"wp:attachment":[{"href":"https:\/\/hudklinikkenranders.dk\/index.php?rest_route=%2Fwp%2Fv2%2Fmedia&parent=37"}],"curies":[{"name":"wp","href":"https:\/\/api.w.org\/{rel}","templated":true}]}}